{"id":2,"date":"2024-11-04T16:19:55","date_gmt":"2024-11-04T16:19:55","guid":{"rendered":"https:\/\/chinesische-massage.com\/?page_id=2"},"modified":"2024-11-04T16:52:12","modified_gmt":"2024-11-04T16:52:12","slug":"sample-page","status":"publish","type":"page","link":"https:\/\/chinesische-massage.com\/?page_id=2","title":{"rendered":"Sample PageChinesische Massage f\u00fcr K\u00f6rper und GeistSample Page"},"content":{"rendered":"\n<figure class=\"wp-block-image size-large\"><img loading=\"lazy\" decoding=\"async\" width=\"1024\" height=\"372\" src=\"https:\/\/chinesische-massage.com\/wp-content\/uploads\/2024\/11\/Zen-1024x372.png\" alt=\"\" class=\"wp-image-37\" srcset=\"https:\/\/chinesische-massage.com\/wp-content\/uploads\/2024\/11\/Zen-1024x372.png 1024w, https:\/\/chinesische-massage.com\/wp-content\/uploads\/2024\/11\/Zen-300x109.png 300w, https:\/\/chinesische-massage.com\/wp-content\/uploads\/2024\/11\/Zen-768x279.png 768w, https:\/\/chinesische-massage.com\/wp-content\/uploads\/2024\/11\/Zen-1536x559.png 1536w, https:\/\/chinesische-massage.com\/wp-content\/uploads\/2024\/11\/Zen-2048x745.png 2048w, https:\/\/chinesische-massage.com\/wp-content\/uploads\/2024\/11\/Zen-165x60.png 165w, https:\/\/chinesische-massage.com\/wp-content\/uploads\/2024\/11\/Zen-1920x700.png 1920w\" sizes=\"auto, (max-width: 1024px) 100vw, 1024px\" \/><\/figure>\n\n\n\n<p>Erlebe tiefe Entspannung mit unseren traditionellen chinesischen Massagetechniken. In unserem Massage Studio in Koblenz bringen wir dein \u201cQi\u201d in Balance und l\u00f6sen Verspannungen. G\u00f6nn dir eine Auszeit und tanke neue Energie in einer entspannten Atmosph\u00e4re.<\/p>\n\n\n\n<p><\/p>\n","protected":false},"excerpt":{"rendered":"<p>Erlebe tiefe Entspannung mit unseren traditionellen chinesischen Massagetechniken. In unserem Massage Studio in Koblenz bringen wir dein \u201cQi\u201d in Balance [&hellip;]<\/p>\n","protected":false},"author":1,"featured_media":0,"parent":0,"menu_order":0,"comment_status":"closed","ping_status":"open","template":"","meta":{"site-sidebar-layout":"default","site-content-layout":"","ast-site-content-layout":"default","site-content-style":"default","site-sidebar-style":"default","ast-global-header-display":"","ast-banner-title-visibility":"","ast-main-header-display":"","ast-hfb-above-header-display":"","ast-hfb-below-header-display":"","ast-hfb-mobile-header-display":"","site-post-title":"","ast-breadcrumbs-content":"","ast-featured-img":"","footer-sml-layout":"","ast-disable-related-posts":"","theme-transparent-header-meta":"","adv-header-id-meta":"","stick-header-meta":"","header-above-stick-meta":"","header-main-stick-meta":"","header-below-stick-meta":"","astra-migrate-meta-layouts":"default","ast-page-background-enabled":"default","ast-page-background-meta":{"desktop":{"background-color":"var(--ast-global-color-5)","background-image":"","background-repeat":"repeat","background-position":"center center","background-size":"auto","background-attachment":"scroll","background-type":"","background-media":"","overlay-type":"","overlay-color":"","overlay-opacity":"","overlay-gradient":""},"tablet":{"background-color":"","background-image":"","background-repeat":"repeat","background-position":"center center","background-size":"auto","background-attachment":"scroll","background-type":"","background-media":"","overlay-type":"","overlay-color":"","overlay-opacity":"","overlay-gradient":""},"mobile":{"background-color":"","background-image":"","background-repeat":"repeat","background-position":"center center","background-size":"auto","background-attachment":"scroll","background-type":"","background-media":"","overlay-type":"","overlay-color":"","overlay-opacity":"","overlay-gradient":""}},"ast-content-background-meta":{"desktop":{"background-color":"var(--ast-global-color-4)","background-image":"","background-repeat":"repeat","background-position":"center center","background-size":"auto","background-attachment":"scroll","background-type":"","background-media":"","overlay-type":"","overlay-color":"","overlay-opacity":"","overlay-gradient":""},"tablet":{"background-color":"var(--ast-global-color-4)","background-image":"","background-repeat":"repeat","background-position":"center center","background-size":"auto","background-attachment":"scroll","background-type":"","background-media":"","overlay-type":"","overlay-color":"","overlay-opacity":"","overlay-gradient":""},"mobile":{"background-color":"var(--ast-global-color-4)","background-image":"","background-repeat":"repeat","background-position":"center center","background-size":"auto","background-attachment":"scroll","background-type":"","background-media":"","overlay-type":"","overlay-color":"","overlay-opacity":"","overlay-gradient":""}},"footnotes":""},"class_list":["post-2","page","type-page","status-publish","hentry"],"_links":{"self":[{"href":"https:\/\/chinesische-massage.com\/index.php?rest_route=\/wp\/v2\/pages\/2","targetHints":{"allow":["GET"]}}],"collection":[{"href":"https:\/\/chinesische-massage.com\/index.php?rest_route=\/wp\/v2\/pages"}],"about":[{"href":"https:\/\/chinesische-massage.com\/index.php?rest_route=\/wp\/v2\/types\/page"}],"author":[{"embeddable":true,"href":"https:\/\/chinesische-massage.com\/index.php?rest_route=\/wp\/v2\/users\/1"}],"replies":[{"embeddable":true,"href":"https:\/\/chinesische-massage.com\/index.php?rest_route=%2Fwp%2Fv2%2Fcomments&post=2"}],"version-history":[{"count":1,"href":"https:\/\/chinesische-massage.com\/index.php?rest_route=\/wp\/v2\/pages\/2\/revisions"}],"predecessor-version":[{"id":38,"href":"https:\/\/chinesische-massage.com\/index.php?rest_route=\/wp\/v2\/pages\/2\/revisions\/38"}],"wp:attachment":[{"href":"https:\/\/chinesische-massage.com\/index.php?rest_route=%2Fwp%2Fv2%2Fmedia&parent=2"}],"curies":[{"name":"wp","href":"https:\/\/api.w.org\/{rel}","templated":true}]}}